{"id":3539,"date":"2026-01-07T11:00:35","date_gmt":"2026-01-07T10:00:35","guid":{"rendered":"https:\/\/biscottiloison.com\/?page_id=3539"},"modified":"2026-01-15T11:11:22","modified_gmt":"2026-01-15T10:11:22","slug":"biscuits-au-beurre-individuels-loison","status":"publish","type":"page","link":"https:\/\/biscottiloison.com\/fr\/biscuits-au-beurre-individuels-loison\/","title":{"rendered":"Biscuits au beurre individuels Loison"},"content":{"rendered":"","protected":false},"excerpt":{"rendered":"","protected":false},"author":1,"featured_media":3699,"parent":0,"menu_order":0,"comment_status":"closed","ping_status":"closed","template":"template-biscotti.php","meta":{"_acf_changed":false,"footnotes":""},"class_list":["post-3539","page","type-page","status-publish","has-post-thumbnail","hentry","entry"],"acf":[],"yoast_head":"<!-- This site is optimized with the Yoast SEO plugin v26.8 - https:\/\/yoast.com\/product\/yoast-seo-wordpress\/ -->\n<title>Biscuits au beurre individuels Loison - Biscotti Loison<\/title>\n<meta name=\"description\" content=\"Biscuits au beurre Loison emball\u00e9s individuellement. Ingr\u00e9dients s\u00e9lectionn\u00e9s, saveur authentique, id\u00e9als pour h\u00f4tels, caf\u00e9s et pauses gourmandes de qualit\u00e9.\" \/>\n<meta name=\"robots\" content=\"index, follow, max-snippet:-1, max-image-preview:large, max-video-preview:-1\" \/>\n<link rel=\"canonical\" href=\"https:\/\/biscottiloison.com\/fr\/biscuits-au-beurre-individuels-loison\/\" \/>\n<meta property=\"og:locale\" content=\"fr_FR\" \/>\n<meta property=\"og:type\" content=\"article\" \/>\n<meta property=\"og:title\" content=\"Biscuits au beurre individuels Loison - Biscotti Loison\" \/>\n<meta property=\"og:description\" content=\"Biscuits au beurre Loison emball\u00e9s individuellement. Ingr\u00e9dients s\u00e9lectionn\u00e9s, saveur authentique, id\u00e9als pour h\u00f4tels, caf\u00e9s et pauses gourmandes de qualit\u00e9.\" \/>\n<meta property=\"og:url\" content=\"https:\/\/biscottiloison.com\/fr\/biscuits-au-beurre-individuels-loison\/\" \/>\n<meta property=\"og:site_name\" content=\"Biscotti Loison\" \/>\n<meta property=\"article:modified_time\" content=\"2026-01-15T10:11:22+00:00\" \/>\n<meta property=\"og:image\" content=\"https:\/\/dev.biscottiloison.com\/wp-content\/uploads\/2026\/01\/loison-biscotti-alzata-verde-tazza-the-misti-2026-1.jpg\" \/>\n\t<meta property=\"og:image:width\" content=\"1024\" \/>\n\t<meta property=\"og:image:height\" content=\"683\" \/>\n\t<meta property=\"og:image:type\" content=\"image\/jpeg\" \/>\n<meta name=\"twitter:card\" content=\"summary_large_image\" \/>\n<meta name=\"twitter:label1\" content=\"Dur\u00e9e de lecture estim\u00e9e\" \/>\n\t<meta name=\"twitter:data1\" content=\"1 minute\" \/>\n<script type=\"application\/ld+json\" class=\"yoast-schema-graph\">{\"@context\":\"https:\/\/schema.org\",\"@graph\":[{\"@type\":\"WebPage\",\"@id\":\"https:\/\/biscottiloison.com\/fr\/biscuits-au-beurre-individuels-loison\/\",\"url\":\"https:\/\/biscottiloison.com\/fr\/biscuits-au-beurre-individuels-loison\/\",\"name\":\"Biscuits au beurre individuels Loison - Biscotti Loison\",\"isPartOf\":{\"@id\":\"https:\/\/biscottiloison.com\/fr\/#website\"},\"primaryImageOfPage\":{\"@id\":\"https:\/\/biscottiloison.com\/fr\/biscuits-au-beurre-individuels-loison\/#primaryimage\"},\"image\":{\"@id\":\"https:\/\/biscottiloison.com\/fr\/biscuits-au-beurre-individuels-loison\/#primaryimage\"},\"thumbnailUrl\":\"https:\/\/biscottiloison.com\/wp-content\/uploads\/2026\/01\/loison-biscotti-alzata-verde-tazza-the-misti-2026-1.jpg\",\"datePublished\":\"2026-01-07T10:00:35+00:00\",\"dateModified\":\"2026-01-15T10:11:22+00:00\",\"description\":\"Biscuits au beurre Loison emball\u00e9s individuellement. Ingr\u00e9dients s\u00e9lectionn\u00e9s, saveur authentique, id\u00e9als pour h\u00f4tels, caf\u00e9s et pauses gourmandes de qualit\u00e9.\",\"breadcrumb\":{\"@id\":\"https:\/\/biscottiloison.com\/fr\/biscuits-au-beurre-individuels-loison\/#breadcrumb\"},\"inLanguage\":\"fr-FR\",\"potentialAction\":[{\"@type\":\"ReadAction\",\"target\":[\"https:\/\/biscottiloison.com\/fr\/biscuits-au-beurre-individuels-loison\/\"]}]},{\"@type\":\"ImageObject\",\"inLanguage\":\"fr-FR\",\"@id\":\"https:\/\/biscottiloison.com\/fr\/biscuits-au-beurre-individuels-loison\/#primaryimage\",\"url\":\"https:\/\/biscottiloison.com\/wp-content\/uploads\/2026\/01\/loison-biscotti-alzata-verde-tazza-the-misti-2026-1.jpg\",\"contentUrl\":\"https:\/\/biscottiloison.com\/wp-content\/uploads\/2026\/01\/loison-biscotti-alzata-verde-tazza-the-misti-2026-1.jpg\",\"width\":1024,\"height\":683},{\"@type\":\"BreadcrumbList\",\"@id\":\"https:\/\/biscottiloison.com\/fr\/biscuits-au-beurre-individuels-loison\/#breadcrumb\",\"itemListElement\":[{\"@type\":\"ListItem\",\"position\":1,\"name\":\"Home\",\"item\":\"https:\/\/biscottiloison.com\/fr\/\"},{\"@type\":\"ListItem\",\"position\":2,\"name\":\"Biscuits au beurre individuels Loison\"}]},{\"@type\":\"WebSite\",\"@id\":\"https:\/\/biscottiloison.com\/fr\/#website\",\"url\":\"https:\/\/biscottiloison.com\/fr\/\",\"name\":\"Biscotti Loison\",\"description\":\"\",\"publisher\":{\"@id\":\"https:\/\/biscottiloison.com\/fr\/#organization\"},\"potentialAction\":[{\"@type\":\"SearchAction\",\"target\":{\"@type\":\"EntryPoint\",\"urlTemplate\":\"https:\/\/biscottiloison.com\/fr\/?s={search_term_string}\"},\"query-input\":{\"@type\":\"PropertyValueSpecification\",\"valueRequired\":true,\"valueName\":\"search_term_string\"}}],\"inLanguage\":\"fr-FR\"},{\"@type\":\"Organization\",\"@id\":\"https:\/\/biscottiloison.com\/fr\/#organization\",\"name\":\"Biscotti Loison\",\"url\":\"https:\/\/biscottiloison.com\/fr\/\",\"logo\":{\"@type\":\"ImageObject\",\"inLanguage\":\"fr-FR\",\"@id\":\"https:\/\/biscottiloison.com\/fr\/#\/schema\/logo\/image\/\",\"url\":\"https:\/\/biscottiloison.com\/wp-content\/uploads\/2025\/07\/logo.svg\",\"contentUrl\":\"https:\/\/biscottiloison.com\/wp-content\/uploads\/2025\/07\/logo.svg\",\"width\":137,\"height\":70,\"caption\":\"Biscotti Loison\"},\"image\":{\"@id\":\"https:\/\/biscottiloison.com\/fr\/#\/schema\/logo\/image\/\"}}]}<\/script>\n<!-- \/ Yoast SEO plugin. -->","yoast_head_json":{"title":"Biscuits au beurre individuels Loison - Biscotti Loison","description":"Biscuits au beurre Loison emball\u00e9s individuellement. Ingr\u00e9dients s\u00e9lectionn\u00e9s, saveur authentique, id\u00e9als pour h\u00f4tels, caf\u00e9s et pauses gourmandes de qualit\u00e9.","robots":{"index":"index","follow":"follow","max-snippet":"max-snippet:-1","max-image-preview":"max-image-preview:large","max-video-preview":"max-video-preview:-1"},"canonical":"https:\/\/biscottiloison.com\/fr\/biscuits-au-beurre-individuels-loison\/","og_locale":"fr_FR","og_type":"article","og_title":"Biscuits au beurre individuels Loison - Biscotti Loison","og_description":"Biscuits au beurre Loison emball\u00e9s individuellement. Ingr\u00e9dients s\u00e9lectionn\u00e9s, saveur authentique, id\u00e9als pour h\u00f4tels, caf\u00e9s et pauses gourmandes de qualit\u00e9.","og_url":"https:\/\/biscottiloison.com\/fr\/biscuits-au-beurre-individuels-loison\/","og_site_name":"Biscotti Loison","article_modified_time":"2026-01-15T10:11:22+00:00","og_image":[{"width":1024,"height":683,"url":"https:\/\/dev.biscottiloison.com\/wp-content\/uploads\/2026\/01\/loison-biscotti-alzata-verde-tazza-the-misti-2026-1.jpg","type":"image\/jpeg"}],"twitter_card":"summary_large_image","twitter_misc":{"Dur\u00e9e de lecture estim\u00e9e":"1 minute"},"schema":{"@context":"https:\/\/schema.org","@graph":[{"@type":"WebPage","@id":"https:\/\/biscottiloison.com\/fr\/biscuits-au-beurre-individuels-loison\/","url":"https:\/\/biscottiloison.com\/fr\/biscuits-au-beurre-individuels-loison\/","name":"Biscuits au beurre individuels Loison - Biscotti Loison","isPartOf":{"@id":"https:\/\/biscottiloison.com\/fr\/#website"},"primaryImageOfPage":{"@id":"https:\/\/biscottiloison.com\/fr\/biscuits-au-beurre-individuels-loison\/#primaryimage"},"image":{"@id":"https:\/\/biscottiloison.com\/fr\/biscuits-au-beurre-individuels-loison\/#primaryimage"},"thumbnailUrl":"https:\/\/biscottiloison.com\/wp-content\/uploads\/2026\/01\/loison-biscotti-alzata-verde-tazza-the-misti-2026-1.jpg","datePublished":"2026-01-07T10:00:35+00:00","dateModified":"2026-01-15T10:11:22+00:00","description":"Biscuits au beurre Loison emball\u00e9s individuellement. Ingr\u00e9dients s\u00e9lectionn\u00e9s, saveur authentique, id\u00e9als pour h\u00f4tels, caf\u00e9s et pauses gourmandes de qualit\u00e9.","breadcrumb":{"@id":"https:\/\/biscottiloison.com\/fr\/biscuits-au-beurre-individuels-loison\/#breadcrumb"},"inLanguage":"fr-FR","potentialAction":[{"@type":"ReadAction","target":["https:\/\/biscottiloison.com\/fr\/biscuits-au-beurre-individuels-loison\/"]}]},{"@type":"ImageObject","inLanguage":"fr-FR","@id":"https:\/\/biscottiloison.com\/fr\/biscuits-au-beurre-individuels-loison\/#primaryimage","url":"https:\/\/biscottiloison.com\/wp-content\/uploads\/2026\/01\/loison-biscotti-alzata-verde-tazza-the-misti-2026-1.jpg","contentUrl":"https:\/\/biscottiloison.com\/wp-content\/uploads\/2026\/01\/loison-biscotti-alzata-verde-tazza-the-misti-2026-1.jpg","width":1024,"height":683},{"@type":"BreadcrumbList","@id":"https:\/\/biscottiloison.com\/fr\/biscuits-au-beurre-individuels-loison\/#breadcrumb","itemListElement":[{"@type":"ListItem","position":1,"name":"Home","item":"https:\/\/biscottiloison.com\/fr\/"},{"@type":"ListItem","position":2,"name":"Biscuits au beurre individuels Loison"}]},{"@type":"WebSite","@id":"https:\/\/biscottiloison.com\/fr\/#website","url":"https:\/\/biscottiloison.com\/fr\/","name":"Biscotti Loison","description":"","publisher":{"@id":"https:\/\/biscottiloison.com\/fr\/#organization"},"potentialAction":[{"@type":"SearchAction","target":{"@type":"EntryPoint","urlTemplate":"https:\/\/biscottiloison.com\/fr\/?s={search_term_string}"},"query-input":{"@type":"PropertyValueSpecification","valueRequired":true,"valueName":"search_term_string"}}],"inLanguage":"fr-FR"},{"@type":"Organization","@id":"https:\/\/biscottiloison.com\/fr\/#organization","name":"Biscotti Loison","url":"https:\/\/biscottiloison.com\/fr\/","logo":{"@type":"ImageObject","inLanguage":"fr-FR","@id":"https:\/\/biscottiloison.com\/fr\/#\/schema\/logo\/image\/","url":"https:\/\/biscottiloison.com\/wp-content\/uploads\/2025\/07\/logo.svg","contentUrl":"https:\/\/biscottiloison.com\/wp-content\/uploads\/2025\/07\/logo.svg","width":137,"height":70,"caption":"Biscotti Loison"},"image":{"@id":"https:\/\/biscottiloison.com\/fr\/#\/schema\/logo\/image\/"}}]}},"_links":{"self":[{"href":"https:\/\/biscottiloison.com\/fr\/wp-json\/wp\/v2\/pages\/3539","targetHints":{"allow":["GET"]}}],"collection":[{"href":"https:\/\/biscottiloison.com\/fr\/wp-json\/wp\/v2\/pages"}],"about":[{"href":"https:\/\/biscottiloison.com\/fr\/wp-json\/wp\/v2\/types\/page"}],"author":[{"embeddable":true,"href":"https:\/\/biscottiloison.com\/fr\/wp-json\/wp\/v2\/users\/1"}],"replies":[{"embeddable":true,"href":"https:\/\/biscottiloison.com\/fr\/wp-json\/wp\/v2\/comments?post=3539"}],"version-history":[{"count":4,"href":"https:\/\/biscottiloison.com\/fr\/wp-json\/wp\/v2\/pages\/3539\/revisions"}],"predecessor-version":[{"id":3943,"href":"https:\/\/biscottiloison.com\/fr\/wp-json\/wp\/v2\/pages\/3539\/revisions\/3943"}],"wp:featuredmedia":[{"embeddable":true,"href":"https:\/\/biscottiloison.com\/fr\/wp-json\/wp\/v2\/media\/3699"}],"wp:attachment":[{"href":"https:\/\/biscottiloison.com\/fr\/wp-json\/wp\/v2\/media?parent=3539"}],"curies":[{"name":"wp","href":"https:\/\/api.w.org\/{rel}","templated":true}]}}