{"id":1790,"date":"2025-07-28T09:28:50","date_gmt":"2025-07-28T07:28:50","guid":{"rendered":"https:\/\/biscottiloison.com\/il-mondo-dei-biscotti\/"},"modified":"2025-12-05T17:07:42","modified_gmt":"2025-12-05T16:07:42","slug":"le-monde-des-biscuits","status":"publish","type":"page","link":"https:\/\/biscottiloison.com\/fr\/le-monde-des-biscuits\/","title":{"rendered":"Le monde des biscuits"},"content":{"rendered":"","protected":false},"excerpt":{"rendered":"","protected":false},"author":1,"featured_media":3704,"parent":0,"menu_order":0,"comment_status":"closed","ping_status":"closed","template":"template-mondo.php","meta":{"_acf_changed":false,"footnotes":""},"class_list":["post-1790","page","type-page","status-publish","has-post-thumbnail","hentry","entry"],"acf":[],"yoast_head":"<!-- This site is optimized with the Yoast SEO plugin v27.5 - https:\/\/yoast.com\/product\/yoast-seo-wordpress\/ -->\n<title>Le monde des biscuits - Biscotti Loison<\/title>\n<meta name=\"description\" content=\"D\u00e9couvrez le monde des biscuits Loison : histoire, sens et formes se m\u00ealent pour offrir une exp\u00e9rience multisensorielle unique de parfums, textures et saveurs.\" \/>\n<meta name=\"robots\" content=\"index, follow, max-snippet:-1, max-image-preview:large, max-video-preview:-1\" \/>\n<link rel=\"canonical\" href=\"https:\/\/biscottiloison.com\/fr\/le-monde-des-biscuits\/\" \/>\n<meta property=\"og:locale\" content=\"fr_FR\" \/>\n<meta property=\"og:type\" content=\"article\" \/>\n<meta property=\"og:title\" content=\"Le monde des biscuits - Biscotti Loison\" \/>\n<meta property=\"og:description\" content=\"D\u00e9couvrez le monde des biscuits Loison : histoire, sens et formes se m\u00ealent pour offrir une exp\u00e9rience multisensorielle unique de parfums, textures et saveurs.\" \/>\n<meta property=\"og:url\" content=\"https:\/\/biscottiloison.com\/fr\/le-monde-des-biscuits\/\" \/>\n<meta property=\"og:site_name\" content=\"Biscotti Loison\" \/>\n<meta property=\"article:modified_time\" content=\"2025-12-05T16:07:42+00:00\" \/>\n<meta name=\"twitter:card\" content=\"summary_large_image\" \/>\n<script type=\"application\/ld+json\" class=\"yoast-schema-graph\">{\"@context\":\"https:\\\/\\\/schema.org\",\"@graph\":[{\"@type\":\"WebPage\",\"@id\":\"https:\\\/\\\/biscottiloison.com\\\/fr\\\/le-monde-des-biscuits\\\/\",\"url\":\"https:\\\/\\\/biscottiloison.com\\\/fr\\\/le-monde-des-biscuits\\\/\",\"name\":\"Le monde des biscuits - Biscotti Loison\",\"isPartOf\":{\"@id\":\"https:\\\/\\\/biscottiloison.com\\\/fr\\\/#website\"},\"primaryImageOfPage\":{\"@id\":\"https:\\\/\\\/biscottiloison.com\\\/fr\\\/le-monde-des-biscuits\\\/#primaryimage\"},\"image\":{\"@id\":\"https:\\\/\\\/biscottiloison.com\\\/fr\\\/le-monde-des-biscuits\\\/#primaryimage\"},\"thumbnailUrl\":\"https:\\\/\\\/biscottiloison.com\\\/wp-content\\\/uploads\\\/2026\\\/01\\\/loison-biscotti-alzata-zucchero-a-velo-compressa-2026-1.jpg\",\"datePublished\":\"2025-07-28T07:28:50+00:00\",\"dateModified\":\"2025-12-05T16:07:42+00:00\",\"description\":\"D\u00e9couvrez le monde des biscuits Loison : histoire, sens et formes se m\u00ealent pour offrir une exp\u00e9rience multisensorielle unique de parfums, textures et saveurs.\",\"breadcrumb\":{\"@id\":\"https:\\\/\\\/biscottiloison.com\\\/fr\\\/le-monde-des-biscuits\\\/#breadcrumb\"},\"inLanguage\":\"fr-FR\",\"potentialAction\":[{\"@type\":\"ReadAction\",\"target\":[\"https:\\\/\\\/biscottiloison.com\\\/fr\\\/le-monde-des-biscuits\\\/\"]}]},{\"@type\":\"ImageObject\",\"inLanguage\":\"fr-FR\",\"@id\":\"https:\\\/\\\/biscottiloison.com\\\/fr\\\/le-monde-des-biscuits\\\/#primaryimage\",\"url\":\"https:\\\/\\\/biscottiloison.com\\\/wp-content\\\/uploads\\\/2026\\\/01\\\/loison-biscotti-alzata-zucchero-a-velo-compressa-2026-1.jpg\",\"contentUrl\":\"https:\\\/\\\/biscottiloison.com\\\/wp-content\\\/uploads\\\/2026\\\/01\\\/loison-biscotti-alzata-zucchero-a-velo-compressa-2026-1.jpg\",\"width\":1024,\"height\":683},{\"@type\":\"BreadcrumbList\",\"@id\":\"https:\\\/\\\/biscottiloison.com\\\/fr\\\/le-monde-des-biscuits\\\/#breadcrumb\",\"itemListElement\":[{\"@type\":\"ListItem\",\"position\":1,\"name\":\"Home\",\"item\":\"https:\\\/\\\/biscottiloison.com\\\/fr\\\/\"},{\"@type\":\"ListItem\",\"position\":2,\"name\":\"Le monde des biscuits\"}]},{\"@type\":\"WebSite\",\"@id\":\"https:\\\/\\\/biscottiloison.com\\\/fr\\\/#website\",\"url\":\"https:\\\/\\\/biscottiloison.com\\\/fr\\\/\",\"name\":\"Biscotti Loison\",\"description\":\"\",\"publisher\":{\"@id\":\"https:\\\/\\\/biscottiloison.com\\\/fr\\\/#organization\"},\"potentialAction\":[{\"@type\":\"SearchAction\",\"target\":{\"@type\":\"EntryPoint\",\"urlTemplate\":\"https:\\\/\\\/biscottiloison.com\\\/fr\\\/?s={search_term_string}\"},\"query-input\":{\"@type\":\"PropertyValueSpecification\",\"valueRequired\":true,\"valueName\":\"search_term_string\"}}],\"inLanguage\":\"fr-FR\"},{\"@type\":\"Organization\",\"@id\":\"https:\\\/\\\/biscottiloison.com\\\/fr\\\/#organization\",\"name\":\"Biscotti Loison\",\"url\":\"https:\\\/\\\/biscottiloison.com\\\/fr\\\/\",\"logo\":{\"@type\":\"ImageObject\",\"inLanguage\":\"fr-FR\",\"@id\":\"https:\\\/\\\/biscottiloison.com\\\/fr\\\/#\\\/schema\\\/logo\\\/image\\\/\",\"url\":\"https:\\\/\\\/biscottiloison.com\\\/wp-content\\\/uploads\\\/2025\\\/07\\\/logo.svg\",\"contentUrl\":\"https:\\\/\\\/biscottiloison.com\\\/wp-content\\\/uploads\\\/2025\\\/07\\\/logo.svg\",\"width\":137,\"height\":70,\"caption\":\"Biscotti Loison\"},\"image\":{\"@id\":\"https:\\\/\\\/biscottiloison.com\\\/fr\\\/#\\\/schema\\\/logo\\\/image\\\/\"}}]}<\/script>\n<!-- \/ Yoast SEO plugin. -->","yoast_head_json":{"title":"Le monde des biscuits - Biscotti Loison","description":"D\u00e9couvrez le monde des biscuits Loison : histoire, sens et formes se m\u00ealent pour offrir une exp\u00e9rience multisensorielle unique de parfums, textures et saveurs.","robots":{"index":"index","follow":"follow","max-snippet":"max-snippet:-1","max-image-preview":"max-image-preview:large","max-video-preview":"max-video-preview:-1"},"canonical":"https:\/\/biscottiloison.com\/fr\/le-monde-des-biscuits\/","og_locale":"fr_FR","og_type":"article","og_title":"Le monde des biscuits - Biscotti Loison","og_description":"D\u00e9couvrez le monde des biscuits Loison : histoire, sens et formes se m\u00ealent pour offrir une exp\u00e9rience multisensorielle unique de parfums, textures et saveurs.","og_url":"https:\/\/biscottiloison.com\/fr\/le-monde-des-biscuits\/","og_site_name":"Biscotti Loison","article_modified_time":"2025-12-05T16:07:42+00:00","twitter_card":"summary_large_image","schema":{"@context":"https:\/\/schema.org","@graph":[{"@type":"WebPage","@id":"https:\/\/biscottiloison.com\/fr\/le-monde-des-biscuits\/","url":"https:\/\/biscottiloison.com\/fr\/le-monde-des-biscuits\/","name":"Le monde des biscuits - Biscotti Loison","isPartOf":{"@id":"https:\/\/biscottiloison.com\/fr\/#website"},"primaryImageOfPage":{"@id":"https:\/\/biscottiloison.com\/fr\/le-monde-des-biscuits\/#primaryimage"},"image":{"@id":"https:\/\/biscottiloison.com\/fr\/le-monde-des-biscuits\/#primaryimage"},"thumbnailUrl":"https:\/\/biscottiloison.com\/wp-content\/uploads\/2026\/01\/loison-biscotti-alzata-zucchero-a-velo-compressa-2026-1.jpg","datePublished":"2025-07-28T07:28:50+00:00","dateModified":"2025-12-05T16:07:42+00:00","description":"D\u00e9couvrez le monde des biscuits Loison : histoire, sens et formes se m\u00ealent pour offrir une exp\u00e9rience multisensorielle unique de parfums, textures et saveurs.","breadcrumb":{"@id":"https:\/\/biscottiloison.com\/fr\/le-monde-des-biscuits\/#breadcrumb"},"inLanguage":"fr-FR","potentialAction":[{"@type":"ReadAction","target":["https:\/\/biscottiloison.com\/fr\/le-monde-des-biscuits\/"]}]},{"@type":"ImageObject","inLanguage":"fr-FR","@id":"https:\/\/biscottiloison.com\/fr\/le-monde-des-biscuits\/#primaryimage","url":"https:\/\/biscottiloison.com\/wp-content\/uploads\/2026\/01\/loison-biscotti-alzata-zucchero-a-velo-compressa-2026-1.jpg","contentUrl":"https:\/\/biscottiloison.com\/wp-content\/uploads\/2026\/01\/loison-biscotti-alzata-zucchero-a-velo-compressa-2026-1.jpg","width":1024,"height":683},{"@type":"BreadcrumbList","@id":"https:\/\/biscottiloison.com\/fr\/le-monde-des-biscuits\/#breadcrumb","itemListElement":[{"@type":"ListItem","position":1,"name":"Home","item":"https:\/\/biscottiloison.com\/fr\/"},{"@type":"ListItem","position":2,"name":"Le monde des biscuits"}]},{"@type":"WebSite","@id":"https:\/\/biscottiloison.com\/fr\/#website","url":"https:\/\/biscottiloison.com\/fr\/","name":"Biscotti Loison","description":"","publisher":{"@id":"https:\/\/biscottiloison.com\/fr\/#organization"},"potentialAction":[{"@type":"SearchAction","target":{"@type":"EntryPoint","urlTemplate":"https:\/\/biscottiloison.com\/fr\/?s={search_term_string}"},"query-input":{"@type":"PropertyValueSpecification","valueRequired":true,"valueName":"search_term_string"}}],"inLanguage":"fr-FR"},{"@type":"Organization","@id":"https:\/\/biscottiloison.com\/fr\/#organization","name":"Biscotti Loison","url":"https:\/\/biscottiloison.com\/fr\/","logo":{"@type":"ImageObject","inLanguage":"fr-FR","@id":"https:\/\/biscottiloison.com\/fr\/#\/schema\/logo\/image\/","url":"https:\/\/biscottiloison.com\/wp-content\/uploads\/2025\/07\/logo.svg","contentUrl":"https:\/\/biscottiloison.com\/wp-content\/uploads\/2025\/07\/logo.svg","width":137,"height":70,"caption":"Biscotti Loison"},"image":{"@id":"https:\/\/biscottiloison.com\/fr\/#\/schema\/logo\/image\/"}}]}},"_links":{"self":[{"href":"https:\/\/biscottiloison.com\/fr\/wp-json\/wp\/v2\/pages\/1790","targetHints":{"allow":["GET"]}}],"collection":[{"href":"https:\/\/biscottiloison.com\/fr\/wp-json\/wp\/v2\/pages"}],"about":[{"href":"https:\/\/biscottiloison.com\/fr\/wp-json\/wp\/v2\/types\/page"}],"author":[{"embeddable":true,"href":"https:\/\/biscottiloison.com\/fr\/wp-json\/wp\/v2\/users\/1"}],"replies":[{"embeddable":true,"href":"https:\/\/biscottiloison.com\/fr\/wp-json\/wp\/v2\/comments?post=1790"}],"version-history":[{"count":2,"href":"https:\/\/biscottiloison.com\/fr\/wp-json\/wp\/v2\/pages\/1790\/revisions"}],"predecessor-version":[{"id":1793,"href":"https:\/\/biscottiloison.com\/fr\/wp-json\/wp\/v2\/pages\/1790\/revisions\/1793"}],"wp:featuredmedia":[{"embeddable":true,"href":"https:\/\/biscottiloison.com\/fr\/wp-json\/wp\/v2\/media\/3704"}],"wp:attachment":[{"href":"https:\/\/biscottiloison.com\/fr\/wp-json\/wp\/v2\/media?parent=1790"}],"curies":[{"name":"wp","href":"https:\/\/api.w.org\/{rel}","templated":true}]}}