{"id":3543,"date":"2026-01-07T11:00:35","date_gmt":"2026-01-07T10:00:35","guid":{"rendered":"https:\/\/biscottiloison.com\/?page_id=3543"},"modified":"2026-01-15T11:12:54","modified_gmt":"2026-01-15T10:12:54","slug":"galletas-de-mantequilla-monoporcion-loison","status":"publish","type":"page","link":"https:\/\/biscottiloison.com\/es\/galletas-de-mantequilla-monoporcion-loison\/","title":{"rendered":"Galletas de mantequilla monoporci\u00f3n Loison"},"content":{"rendered":"","protected":false},"excerpt":{"rendered":"","protected":false},"author":1,"featured_media":3701,"parent":0,"menu_order":0,"comment_status":"closed","ping_status":"closed","template":"template-biscotti.php","meta":{"_acf_changed":false,"footnotes":""},"class_list":["post-3543","page","type-page","status-publish","has-post-thumbnail","hentry","entry"],"acf":[],"yoast_head":"<!-- This site is optimized with the Yoast SEO plugin v26.8 - https:\/\/yoast.com\/product\/yoast-seo-wordpress\/ -->\n<title>Galletas de mantequilla monoporci\u00f3n Loison - Biscotti Loison<\/title>\n<meta name=\"description\" content=\"Galletas de mantequilla en formato monoporci\u00f3n por Loison. Sabor aut\u00e9ntico e ingredientes seleccionados, ideales para hoteles y cafeter\u00edas.\" \/>\n<meta name=\"robots\" content=\"index, follow, max-snippet:-1, max-image-preview:large, max-video-preview:-1\" \/>\n<link rel=\"canonical\" href=\"https:\/\/biscottiloison.com\/es\/galletas-de-mantequilla-monoporcion-loison\/\" \/>\n<meta property=\"og:locale\" content=\"es_ES\" \/>\n<meta property=\"og:type\" content=\"article\" \/>\n<meta property=\"og:title\" content=\"Galletas de mantequilla monoporci\u00f3n Loison - Biscotti Loison\" \/>\n<meta property=\"og:description\" content=\"Galletas de mantequilla en formato monoporci\u00f3n por Loison. Sabor aut\u00e9ntico e ingredientes seleccionados, ideales para hoteles y cafeter\u00edas.\" \/>\n<meta property=\"og:url\" content=\"https:\/\/biscottiloison.com\/es\/galletas-de-mantequilla-monoporcion-loison\/\" \/>\n<meta property=\"og:site_name\" content=\"Biscotti Loison\" \/>\n<meta property=\"article:modified_time\" content=\"2026-01-15T10:12:54+00:00\" \/>\n<meta property=\"og:image\" content=\"https:\/\/dev.biscottiloison.com\/wp-content\/uploads\/2026\/01\/loison-biscotti-alzata-verde-tazza-the-misti-2026-1.jpg\" \/>\n\t<meta property=\"og:image:width\" content=\"1024\" \/>\n\t<meta property=\"og:image:height\" content=\"683\" \/>\n\t<meta property=\"og:image:type\" content=\"image\/jpeg\" \/>\n<meta name=\"twitter:card\" content=\"summary_large_image\" \/>\n<meta name=\"twitter:label1\" content=\"Tiempo de lectura\" \/>\n\t<meta name=\"twitter:data1\" content=\"1 minuto\" \/>\n<script type=\"application\/ld+json\" class=\"yoast-schema-graph\">{\"@context\":\"https:\/\/schema.org\",\"@graph\":[{\"@type\":\"WebPage\",\"@id\":\"https:\/\/biscottiloison.com\/es\/galletas-de-mantequilla-monoporcion-loison\/\",\"url\":\"https:\/\/biscottiloison.com\/es\/galletas-de-mantequilla-monoporcion-loison\/\",\"name\":\"Galletas de mantequilla monoporci\u00f3n Loison - Biscotti Loison\",\"isPartOf\":{\"@id\":\"https:\/\/biscottiloison.com\/es\/#website\"},\"primaryImageOfPage\":{\"@id\":\"https:\/\/biscottiloison.com\/es\/galletas-de-mantequilla-monoporcion-loison\/#primaryimage\"},\"image\":{\"@id\":\"https:\/\/biscottiloison.com\/es\/galletas-de-mantequilla-monoporcion-loison\/#primaryimage\"},\"thumbnailUrl\":\"https:\/\/biscottiloison.com\/wp-content\/uploads\/2026\/01\/loison-biscotti-alzata-verde-tazza-the-misti-2026-1.jpg\",\"datePublished\":\"2026-01-07T10:00:35+00:00\",\"dateModified\":\"2026-01-15T10:12:54+00:00\",\"description\":\"Galletas de mantequilla en formato monoporci\u00f3n por Loison. Sabor aut\u00e9ntico e ingredientes seleccionados, ideales para hoteles y cafeter\u00edas.\",\"breadcrumb\":{\"@id\":\"https:\/\/biscottiloison.com\/es\/galletas-de-mantequilla-monoporcion-loison\/#breadcrumb\"},\"inLanguage\":\"es\",\"potentialAction\":[{\"@type\":\"ReadAction\",\"target\":[\"https:\/\/biscottiloison.com\/es\/galletas-de-mantequilla-monoporcion-loison\/\"]}]},{\"@type\":\"ImageObject\",\"inLanguage\":\"es\",\"@id\":\"https:\/\/biscottiloison.com\/es\/galletas-de-mantequilla-monoporcion-loison\/#primaryimage\",\"url\":\"https:\/\/biscottiloison.com\/wp-content\/uploads\/2026\/01\/loison-biscotti-alzata-verde-tazza-the-misti-2026-1.jpg\",\"contentUrl\":\"https:\/\/biscottiloison.com\/wp-content\/uploads\/2026\/01\/loison-biscotti-alzata-verde-tazza-the-misti-2026-1.jpg\",\"width\":1024,\"height\":683},{\"@type\":\"BreadcrumbList\",\"@id\":\"https:\/\/biscottiloison.com\/es\/galletas-de-mantequilla-monoporcion-loison\/#breadcrumb\",\"itemListElement\":[{\"@type\":\"ListItem\",\"position\":1,\"name\":\"Home\",\"item\":\"https:\/\/biscottiloison.com\/es\/\"},{\"@type\":\"ListItem\",\"position\":2,\"name\":\"Galletas de mantequilla monoporci\u00f3n Loison\"}]},{\"@type\":\"WebSite\",\"@id\":\"https:\/\/biscottiloison.com\/es\/#website\",\"url\":\"https:\/\/biscottiloison.com\/es\/\",\"name\":\"Biscotti Loison\",\"description\":\"\",\"publisher\":{\"@id\":\"https:\/\/biscottiloison.com\/es\/#organization\"},\"potentialAction\":[{\"@type\":\"SearchAction\",\"target\":{\"@type\":\"EntryPoint\",\"urlTemplate\":\"https:\/\/biscottiloison.com\/es\/?s={search_term_string}\"},\"query-input\":{\"@type\":\"PropertyValueSpecification\",\"valueRequired\":true,\"valueName\":\"search_term_string\"}}],\"inLanguage\":\"es\"},{\"@type\":\"Organization\",\"@id\":\"https:\/\/biscottiloison.com\/es\/#organization\",\"name\":\"Biscotti Loison\",\"url\":\"https:\/\/biscottiloison.com\/es\/\",\"logo\":{\"@type\":\"ImageObject\",\"inLanguage\":\"es\",\"@id\":\"https:\/\/biscottiloison.com\/es\/#\/schema\/logo\/image\/\",\"url\":\"https:\/\/biscottiloison.com\/wp-content\/uploads\/2025\/07\/logo.svg\",\"contentUrl\":\"https:\/\/biscottiloison.com\/wp-content\/uploads\/2025\/07\/logo.svg\",\"width\":137,\"height\":70,\"caption\":\"Biscotti Loison\"},\"image\":{\"@id\":\"https:\/\/biscottiloison.com\/es\/#\/schema\/logo\/image\/\"}}]}<\/script>\n<!-- \/ Yoast SEO plugin. -->","yoast_head_json":{"title":"Galletas de mantequilla monoporci\u00f3n Loison - Biscotti Loison","description":"Galletas de mantequilla en formato monoporci\u00f3n por Loison. Sabor aut\u00e9ntico e ingredientes seleccionados, ideales para hoteles y cafeter\u00edas.","robots":{"index":"index","follow":"follow","max-snippet":"max-snippet:-1","max-image-preview":"max-image-preview:large","max-video-preview":"max-video-preview:-1"},"canonical":"https:\/\/biscottiloison.com\/es\/galletas-de-mantequilla-monoporcion-loison\/","og_locale":"es_ES","og_type":"article","og_title":"Galletas de mantequilla monoporci\u00f3n Loison - Biscotti Loison","og_description":"Galletas de mantequilla en formato monoporci\u00f3n por Loison. Sabor aut\u00e9ntico e ingredientes seleccionados, ideales para hoteles y cafeter\u00edas.","og_url":"https:\/\/biscottiloison.com\/es\/galletas-de-mantequilla-monoporcion-loison\/","og_site_name":"Biscotti Loison","article_modified_time":"2026-01-15T10:12:54+00:00","og_image":[{"width":1024,"height":683,"url":"https:\/\/dev.biscottiloison.com\/wp-content\/uploads\/2026\/01\/loison-biscotti-alzata-verde-tazza-the-misti-2026-1.jpg","type":"image\/jpeg"}],"twitter_card":"summary_large_image","twitter_misc":{"Tiempo de lectura":"1 minuto"},"schema":{"@context":"https:\/\/schema.org","@graph":[{"@type":"WebPage","@id":"https:\/\/biscottiloison.com\/es\/galletas-de-mantequilla-monoporcion-loison\/","url":"https:\/\/biscottiloison.com\/es\/galletas-de-mantequilla-monoporcion-loison\/","name":"Galletas de mantequilla monoporci\u00f3n Loison - Biscotti Loison","isPartOf":{"@id":"https:\/\/biscottiloison.com\/es\/#website"},"primaryImageOfPage":{"@id":"https:\/\/biscottiloison.com\/es\/galletas-de-mantequilla-monoporcion-loison\/#primaryimage"},"image":{"@id":"https:\/\/biscottiloison.com\/es\/galletas-de-mantequilla-monoporcion-loison\/#primaryimage"},"thumbnailUrl":"https:\/\/biscottiloison.com\/wp-content\/uploads\/2026\/01\/loison-biscotti-alzata-verde-tazza-the-misti-2026-1.jpg","datePublished":"2026-01-07T10:00:35+00:00","dateModified":"2026-01-15T10:12:54+00:00","description":"Galletas de mantequilla en formato monoporci\u00f3n por Loison. Sabor aut\u00e9ntico e ingredientes seleccionados, ideales para hoteles y cafeter\u00edas.","breadcrumb":{"@id":"https:\/\/biscottiloison.com\/es\/galletas-de-mantequilla-monoporcion-loison\/#breadcrumb"},"inLanguage":"es","potentialAction":[{"@type":"ReadAction","target":["https:\/\/biscottiloison.com\/es\/galletas-de-mantequilla-monoporcion-loison\/"]}]},{"@type":"ImageObject","inLanguage":"es","@id":"https:\/\/biscottiloison.com\/es\/galletas-de-mantequilla-monoporcion-loison\/#primaryimage","url":"https:\/\/biscottiloison.com\/wp-content\/uploads\/2026\/01\/loison-biscotti-alzata-verde-tazza-the-misti-2026-1.jpg","contentUrl":"https:\/\/biscottiloison.com\/wp-content\/uploads\/2026\/01\/loison-biscotti-alzata-verde-tazza-the-misti-2026-1.jpg","width":1024,"height":683},{"@type":"BreadcrumbList","@id":"https:\/\/biscottiloison.com\/es\/galletas-de-mantequilla-monoporcion-loison\/#breadcrumb","itemListElement":[{"@type":"ListItem","position":1,"name":"Home","item":"https:\/\/biscottiloison.com\/es\/"},{"@type":"ListItem","position":2,"name":"Galletas de mantequilla monoporci\u00f3n Loison"}]},{"@type":"WebSite","@id":"https:\/\/biscottiloison.com\/es\/#website","url":"https:\/\/biscottiloison.com\/es\/","name":"Biscotti Loison","description":"","publisher":{"@id":"https:\/\/biscottiloison.com\/es\/#organization"},"potentialAction":[{"@type":"SearchAction","target":{"@type":"EntryPoint","urlTemplate":"https:\/\/biscottiloison.com\/es\/?s={search_term_string}"},"query-input":{"@type":"PropertyValueSpecification","valueRequired":true,"valueName":"search_term_string"}}],"inLanguage":"es"},{"@type":"Organization","@id":"https:\/\/biscottiloison.com\/es\/#organization","name":"Biscotti Loison","url":"https:\/\/biscottiloison.com\/es\/","logo":{"@type":"ImageObject","inLanguage":"es","@id":"https:\/\/biscottiloison.com\/es\/#\/schema\/logo\/image\/","url":"https:\/\/biscottiloison.com\/wp-content\/uploads\/2025\/07\/logo.svg","contentUrl":"https:\/\/biscottiloison.com\/wp-content\/uploads\/2025\/07\/logo.svg","width":137,"height":70,"caption":"Biscotti Loison"},"image":{"@id":"https:\/\/biscottiloison.com\/es\/#\/schema\/logo\/image\/"}}]}},"_links":{"self":[{"href":"https:\/\/biscottiloison.com\/es\/wp-json\/wp\/v2\/pages\/3543","targetHints":{"allow":["GET"]}}],"collection":[{"href":"https:\/\/biscottiloison.com\/es\/wp-json\/wp\/v2\/pages"}],"about":[{"href":"https:\/\/biscottiloison.com\/es\/wp-json\/wp\/v2\/types\/page"}],"author":[{"embeddable":true,"href":"https:\/\/biscottiloison.com\/es\/wp-json\/wp\/v2\/users\/1"}],"replies":[{"embeddable":true,"href":"https:\/\/biscottiloison.com\/es\/wp-json\/wp\/v2\/comments?post=3543"}],"version-history":[{"count":5,"href":"https:\/\/biscottiloison.com\/es\/wp-json\/wp\/v2\/pages\/3543\/revisions"}],"predecessor-version":[{"id":3950,"href":"https:\/\/biscottiloison.com\/es\/wp-json\/wp\/v2\/pages\/3543\/revisions\/3950"}],"wp:featuredmedia":[{"embeddable":true,"href":"https:\/\/biscottiloison.com\/es\/wp-json\/wp\/v2\/media\/3701"}],"wp:attachment":[{"href":"https:\/\/biscottiloison.com\/es\/wp-json\/wp\/v2\/media?parent=3543"}],"curies":[{"name":"wp","href":"https:\/\/api.w.org\/{rel}","templated":true}]}}