{"id":4507,"date":"2026-01-08T09:21:44","date_gmt":"2026-01-08T08:21:44","guid":{"rendered":"https:\/\/biscottiloison.com\/packaging-personalizzato\/"},"modified":"2026-04-20T15:05:43","modified_gmt":"2026-04-20T13:05:43","slug":"individuelle-verpackungen","status":"publish","type":"page","link":"https:\/\/biscottiloison.com\/de\/individuelle-verpackungen\/","title":{"rendered":"Individuelle Verpackungen"},"content":{"rendered":"","protected":false},"excerpt":{"rendered":"","protected":false},"author":1,"featured_media":0,"parent":0,"menu_order":0,"comment_status":"closed","ping_status":"closed","template":"template-pack-personalizzato.php","meta":{"_acf_changed":false,"footnotes":""},"class_list":["post-4507","page","type-page","status-publish","hentry","entry"],"acf":[],"yoast_head":"<!-- This site is optimized with the Yoast SEO plugin v27.5 - https:\/\/yoast.com\/product\/yoast-seo-wordpress\/ -->\n<title>Individuelle Verpackungen - Biscotti Loison<\/title>\n<meta name=\"description\" content=\"Individuelle Verpackungen von Loison: elegante, ma\u00dfgeschneiderte L\u00f6sungen f\u00fcr handwerklich hergestellte Kekse, ideal f\u00fcr Firmenpr\u00e4sente und Events.\" \/>\n<meta name=\"robots\" content=\"index, follow, max-snippet:-1, max-image-preview:large, max-video-preview:-1\" \/>\n<link rel=\"canonical\" href=\"https:\/\/biscottiloison.com\/de\/individuelle-verpackungen\/\" \/>\n<meta property=\"og:locale\" content=\"de_DE\" \/>\n<meta property=\"og:type\" content=\"article\" \/>\n<meta property=\"og:title\" content=\"Individuelle Verpackungen - Biscotti Loison\" \/>\n<meta property=\"og:description\" content=\"Individuelle Verpackungen von Loison: elegante, ma\u00dfgeschneiderte L\u00f6sungen f\u00fcr handwerklich hergestellte Kekse, ideal f\u00fcr Firmenpr\u00e4sente und Events.\" \/>\n<meta property=\"og:url\" content=\"https:\/\/biscottiloison.com\/de\/individuelle-verpackungen\/\" \/>\n<meta property=\"og:site_name\" content=\"Biscotti Loison\" \/>\n<meta property=\"article:modified_time\" content=\"2026-04-20T13:05:43+00:00\" \/>\n<meta name=\"twitter:card\" content=\"summary_large_image\" \/>\n<script type=\"application\/ld+json\" class=\"yoast-schema-graph\">{\"@context\":\"https:\\\/\\\/schema.org\",\"@graph\":[{\"@type\":\"WebPage\",\"@id\":\"https:\\\/\\\/biscottiloison.com\\\/de\\\/individuelle-verpackungen\\\/\",\"url\":\"https:\\\/\\\/biscottiloison.com\\\/de\\\/individuelle-verpackungen\\\/\",\"name\":\"Individuelle Verpackungen - Biscotti Loison\",\"isPartOf\":{\"@id\":\"https:\\\/\\\/biscottiloison.com\\\/de\\\/#website\"},\"datePublished\":\"2026-01-08T08:21:44+00:00\",\"dateModified\":\"2026-04-20T13:05:43+00:00\",\"description\":\"Individuelle Verpackungen von Loison: elegante, ma\u00dfgeschneiderte L\u00f6sungen f\u00fcr handwerklich hergestellte Kekse, ideal f\u00fcr Firmenpr\u00e4sente und Events.\",\"breadcrumb\":{\"@id\":\"https:\\\/\\\/biscottiloison.com\\\/de\\\/individuelle-verpackungen\\\/#breadcrumb\"},\"inLanguage\":\"de\",\"potentialAction\":[{\"@type\":\"ReadAction\",\"target\":[\"https:\\\/\\\/biscottiloison.com\\\/de\\\/individuelle-verpackungen\\\/\"]}]},{\"@type\":\"BreadcrumbList\",\"@id\":\"https:\\\/\\\/biscottiloison.com\\\/de\\\/individuelle-verpackungen\\\/#breadcrumb\",\"itemListElement\":[{\"@type\":\"ListItem\",\"position\":1,\"name\":\"Home\",\"item\":\"https:\\\/\\\/biscottiloison.com\\\/de\\\/\"},{\"@type\":\"ListItem\",\"position\":2,\"name\":\"Individuelle Verpackungen\"}]},{\"@type\":\"WebSite\",\"@id\":\"https:\\\/\\\/biscottiloison.com\\\/de\\\/#website\",\"url\":\"https:\\\/\\\/biscottiloison.com\\\/de\\\/\",\"name\":\"Biscotti Loison\",\"description\":\"\",\"publisher\":{\"@id\":\"https:\\\/\\\/biscottiloison.com\\\/de\\\/#organization\"},\"potentialAction\":[{\"@type\":\"SearchAction\",\"target\":{\"@type\":\"EntryPoint\",\"urlTemplate\":\"https:\\\/\\\/biscottiloison.com\\\/de\\\/?s={search_term_string}\"},\"query-input\":{\"@type\":\"PropertyValueSpecification\",\"valueRequired\":true,\"valueName\":\"search_term_string\"}}],\"inLanguage\":\"de\"},{\"@type\":\"Organization\",\"@id\":\"https:\\\/\\\/biscottiloison.com\\\/de\\\/#organization\",\"name\":\"Biscotti Loison\",\"url\":\"https:\\\/\\\/biscottiloison.com\\\/de\\\/\",\"logo\":{\"@type\":\"ImageObject\",\"inLanguage\":\"de\",\"@id\":\"https:\\\/\\\/biscottiloison.com\\\/de\\\/#\\\/schema\\\/logo\\\/image\\\/\",\"url\":\"https:\\\/\\\/biscottiloison.com\\\/wp-content\\\/uploads\\\/2025\\\/07\\\/logo.svg\",\"contentUrl\":\"https:\\\/\\\/biscottiloison.com\\\/wp-content\\\/uploads\\\/2025\\\/07\\\/logo.svg\",\"width\":137,\"height\":70,\"caption\":\"Biscotti Loison\"},\"image\":{\"@id\":\"https:\\\/\\\/biscottiloison.com\\\/de\\\/#\\\/schema\\\/logo\\\/image\\\/\"}}]}<\/script>\n<!-- \/ Yoast SEO plugin. -->","yoast_head_json":{"title":"Individuelle Verpackungen - Biscotti Loison","description":"Individuelle Verpackungen von Loison: elegante, ma\u00dfgeschneiderte L\u00f6sungen f\u00fcr handwerklich hergestellte Kekse, ideal f\u00fcr Firmenpr\u00e4sente und Events.","robots":{"index":"index","follow":"follow","max-snippet":"max-snippet:-1","max-image-preview":"max-image-preview:large","max-video-preview":"max-video-preview:-1"},"canonical":"https:\/\/biscottiloison.com\/de\/individuelle-verpackungen\/","og_locale":"de_DE","og_type":"article","og_title":"Individuelle Verpackungen - Biscotti Loison","og_description":"Individuelle Verpackungen von Loison: elegante, ma\u00dfgeschneiderte L\u00f6sungen f\u00fcr handwerklich hergestellte Kekse, ideal f\u00fcr Firmenpr\u00e4sente und Events.","og_url":"https:\/\/biscottiloison.com\/de\/individuelle-verpackungen\/","og_site_name":"Biscotti Loison","article_modified_time":"2026-04-20T13:05:43+00:00","twitter_card":"summary_large_image","schema":{"@context":"https:\/\/schema.org","@graph":[{"@type":"WebPage","@id":"https:\/\/biscottiloison.com\/de\/individuelle-verpackungen\/","url":"https:\/\/biscottiloison.com\/de\/individuelle-verpackungen\/","name":"Individuelle Verpackungen - Biscotti Loison","isPartOf":{"@id":"https:\/\/biscottiloison.com\/de\/#website"},"datePublished":"2026-01-08T08:21:44+00:00","dateModified":"2026-04-20T13:05:43+00:00","description":"Individuelle Verpackungen von Loison: elegante, ma\u00dfgeschneiderte L\u00f6sungen f\u00fcr handwerklich hergestellte Kekse, ideal f\u00fcr Firmenpr\u00e4sente und Events.","breadcrumb":{"@id":"https:\/\/biscottiloison.com\/de\/individuelle-verpackungen\/#breadcrumb"},"inLanguage":"de","potentialAction":[{"@type":"ReadAction","target":["https:\/\/biscottiloison.com\/de\/individuelle-verpackungen\/"]}]},{"@type":"BreadcrumbList","@id":"https:\/\/biscottiloison.com\/de\/individuelle-verpackungen\/#breadcrumb","itemListElement":[{"@type":"ListItem","position":1,"name":"Home","item":"https:\/\/biscottiloison.com\/de\/"},{"@type":"ListItem","position":2,"name":"Individuelle Verpackungen"}]},{"@type":"WebSite","@id":"https:\/\/biscottiloison.com\/de\/#website","url":"https:\/\/biscottiloison.com\/de\/","name":"Biscotti Loison","description":"","publisher":{"@id":"https:\/\/biscottiloison.com\/de\/#organization"},"potentialAction":[{"@type":"SearchAction","target":{"@type":"EntryPoint","urlTemplate":"https:\/\/biscottiloison.com\/de\/?s={search_term_string}"},"query-input":{"@type":"PropertyValueSpecification","valueRequired":true,"valueName":"search_term_string"}}],"inLanguage":"de"},{"@type":"Organization","@id":"https:\/\/biscottiloison.com\/de\/#organization","name":"Biscotti Loison","url":"https:\/\/biscottiloison.com\/de\/","logo":{"@type":"ImageObject","inLanguage":"de","@id":"https:\/\/biscottiloison.com\/de\/#\/schema\/logo\/image\/","url":"https:\/\/biscottiloison.com\/wp-content\/uploads\/2025\/07\/logo.svg","contentUrl":"https:\/\/biscottiloison.com\/wp-content\/uploads\/2025\/07\/logo.svg","width":137,"height":70,"caption":"Biscotti Loison"},"image":{"@id":"https:\/\/biscottiloison.com\/de\/#\/schema\/logo\/image\/"}}]}},"_links":{"self":[{"href":"https:\/\/biscottiloison.com\/de\/wp-json\/wp\/v2\/pages\/4507","targetHints":{"allow":["GET"]}}],"collection":[{"href":"https:\/\/biscottiloison.com\/de\/wp-json\/wp\/v2\/pages"}],"about":[{"href":"https:\/\/biscottiloison.com\/de\/wp-json\/wp\/v2\/types\/page"}],"author":[{"embeddable":true,"href":"https:\/\/biscottiloison.com\/de\/wp-json\/wp\/v2\/users\/1"}],"replies":[{"embeddable":true,"href":"https:\/\/biscottiloison.com\/de\/wp-json\/wp\/v2\/comments?post=4507"}],"version-history":[{"count":6,"href":"https:\/\/biscottiloison.com\/de\/wp-json\/wp\/v2\/pages\/4507\/revisions"}],"predecessor-version":[{"id":5364,"href":"https:\/\/biscottiloison.com\/de\/wp-json\/wp\/v2\/pages\/4507\/revisions\/5364"}],"wp:attachment":[{"href":"https:\/\/biscottiloison.com\/de\/wp-json\/wp\/v2\/media?parent=4507"}],"curies":[{"name":"wp","href":"https:\/\/api.w.org\/{rel}","templated":true}]}}