{"id":1571,"date":"2025-07-28T09:27:57","date_gmt":"2025-07-28T07:27:57","guid":{"rendered":"https:\/\/biscottiloison.com\/?page_id=1571"},"modified":"2025-12-05T12:46:13","modified_gmt":"2025-12-05T11:46:13","slug":"horeca","status":"publish","type":"page","link":"https:\/\/biscottiloison.com\/de\/horeca\/","title":{"rendered":"Horeca"},"content":{"rendered":"","protected":false},"excerpt":{"rendered":"","protected":false},"author":2,"featured_media":1972,"parent":0,"menu_order":0,"comment_status":"closed","ping_status":"closed","template":"template-business.php","meta":{"_acf_changed":false,"footnotes":""},"class_list":["post-1571","page","type-page","status-publish","has-post-thumbnail","hentry","entry"],"acf":[],"yoast_head":"<!-- This site is optimized with the Yoast SEO plugin v27.4 - https:\/\/yoast.com\/product\/yoast-seo-wordpress\/ -->\n<title>Horeca - Biscotti Loison<\/title>\n<meta name=\"description\" content=\"Loison Ho.Re.Ca.-L\u00f6sungen: hochwertige Einzelportionenkekse f\u00fcr Hotels, Restaurants und Caf\u00e9s. Eine feine Aufmerksamkeit f\u00fcr jeden G\u00e4stemoment.\" \/>\n<meta name=\"robots\" content=\"index, follow, max-snippet:-1, max-image-preview:large, max-video-preview:-1\" \/>\n<link rel=\"canonical\" href=\"https:\/\/biscottiloison.com\/de\/horeca\/\" \/>\n<meta property=\"og:locale\" content=\"de_DE\" \/>\n<meta property=\"og:type\" content=\"article\" \/>\n<meta property=\"og:title\" content=\"Horeca - Biscotti Loison\" \/>\n<meta property=\"og:description\" content=\"Loison Ho.Re.Ca.-L\u00f6sungen: hochwertige Einzelportionenkekse f\u00fcr Hotels, Restaurants und Caf\u00e9s. Eine feine Aufmerksamkeit f\u00fcr jeden G\u00e4stemoment.\" \/>\n<meta property=\"og:url\" content=\"https:\/\/biscottiloison.com\/de\/horeca\/\" \/>\n<meta property=\"og:site_name\" content=\"Biscotti Loison\" \/>\n<meta property=\"article:modified_time\" content=\"2025-12-05T11:46:13+00:00\" \/>\n<meta name=\"twitter:card\" content=\"summary_large_image\" \/>\n<script type=\"application\/ld+json\" class=\"yoast-schema-graph\">{\"@context\":\"https:\\\/\\\/schema.org\",\"@graph\":[{\"@type\":\"WebPage\",\"@id\":\"https:\\\/\\\/biscottiloison.com\\\/de\\\/horeca\\\/\",\"url\":\"https:\\\/\\\/biscottiloison.com\\\/de\\\/horeca\\\/\",\"name\":\"Horeca - Biscotti Loison\",\"isPartOf\":{\"@id\":\"https:\\\/\\\/biscottiloison.com\\\/de\\\/#website\"},\"primaryImageOfPage\":{\"@id\":\"https:\\\/\\\/biscottiloison.com\\\/de\\\/horeca\\\/#primaryimage\"},\"image\":{\"@id\":\"https:\\\/\\\/biscottiloison.com\\\/de\\\/horeca\\\/#primaryimage\"},\"thumbnailUrl\":\"https:\\\/\\\/biscottiloison.com\\\/wp-content\\\/uploads\\\/2025\\\/08\\\/loison-bnb-portico-rosso-vicenza-25-12-6.jpg\",\"datePublished\":\"2025-07-28T07:27:57+00:00\",\"dateModified\":\"2025-12-05T11:46:13+00:00\",\"description\":\"Loison Ho.Re.Ca.-L\u00f6sungen: hochwertige Einzelportionenkekse f\u00fcr Hotels, Restaurants und Caf\u00e9s. Eine feine Aufmerksamkeit f\u00fcr jeden G\u00e4stemoment.\",\"breadcrumb\":{\"@id\":\"https:\\\/\\\/biscottiloison.com\\\/de\\\/horeca\\\/#breadcrumb\"},\"inLanguage\":\"de\",\"potentialAction\":[{\"@type\":\"ReadAction\",\"target\":[\"https:\\\/\\\/biscottiloison.com\\\/de\\\/horeca\\\/\"]}]},{\"@type\":\"ImageObject\",\"inLanguage\":\"de\",\"@id\":\"https:\\\/\\\/biscottiloison.com\\\/de\\\/horeca\\\/#primaryimage\",\"url\":\"https:\\\/\\\/biscottiloison.com\\\/wp-content\\\/uploads\\\/2025\\\/08\\\/loison-bnb-portico-rosso-vicenza-25-12-6.jpg\",\"contentUrl\":\"https:\\\/\\\/biscottiloison.com\\\/wp-content\\\/uploads\\\/2025\\\/08\\\/loison-bnb-portico-rosso-vicenza-25-12-6.jpg\",\"width\":1920,\"height\":1281},{\"@type\":\"BreadcrumbList\",\"@id\":\"https:\\\/\\\/biscottiloison.com\\\/de\\\/horeca\\\/#breadcrumb\",\"itemListElement\":[{\"@type\":\"ListItem\",\"position\":1,\"name\":\"Home\",\"item\":\"https:\\\/\\\/biscottiloison.com\\\/de\\\/\"},{\"@type\":\"ListItem\",\"position\":2,\"name\":\"Horeca\"}]},{\"@type\":\"WebSite\",\"@id\":\"https:\\\/\\\/biscottiloison.com\\\/de\\\/#website\",\"url\":\"https:\\\/\\\/biscottiloison.com\\\/de\\\/\",\"name\":\"Biscotti Loison\",\"description\":\"\",\"publisher\":{\"@id\":\"https:\\\/\\\/biscottiloison.com\\\/de\\\/#organization\"},\"potentialAction\":[{\"@type\":\"SearchAction\",\"target\":{\"@type\":\"EntryPoint\",\"urlTemplate\":\"https:\\\/\\\/biscottiloison.com\\\/de\\\/?s={search_term_string}\"},\"query-input\":{\"@type\":\"PropertyValueSpecification\",\"valueRequired\":true,\"valueName\":\"search_term_string\"}}],\"inLanguage\":\"de\"},{\"@type\":\"Organization\",\"@id\":\"https:\\\/\\\/biscottiloison.com\\\/de\\\/#organization\",\"name\":\"Biscotti Loison\",\"url\":\"https:\\\/\\\/biscottiloison.com\\\/de\\\/\",\"logo\":{\"@type\":\"ImageObject\",\"inLanguage\":\"de\",\"@id\":\"https:\\\/\\\/biscottiloison.com\\\/de\\\/#\\\/schema\\\/logo\\\/image\\\/\",\"url\":\"https:\\\/\\\/biscottiloison.com\\\/wp-content\\\/uploads\\\/2025\\\/07\\\/logo.svg\",\"contentUrl\":\"https:\\\/\\\/biscottiloison.com\\\/wp-content\\\/uploads\\\/2025\\\/07\\\/logo.svg\",\"width\":137,\"height\":70,\"caption\":\"Biscotti Loison\"},\"image\":{\"@id\":\"https:\\\/\\\/biscottiloison.com\\\/de\\\/#\\\/schema\\\/logo\\\/image\\\/\"}}]}<\/script>\n<!-- \/ Yoast SEO plugin. -->","yoast_head_json":{"title":"Horeca - Biscotti Loison","description":"Loison Ho.Re.Ca.-L\u00f6sungen: hochwertige Einzelportionenkekse f\u00fcr Hotels, Restaurants und Caf\u00e9s. Eine feine Aufmerksamkeit f\u00fcr jeden G\u00e4stemoment.","robots":{"index":"index","follow":"follow","max-snippet":"max-snippet:-1","max-image-preview":"max-image-preview:large","max-video-preview":"max-video-preview:-1"},"canonical":"https:\/\/biscottiloison.com\/de\/horeca\/","og_locale":"de_DE","og_type":"article","og_title":"Horeca - Biscotti Loison","og_description":"Loison Ho.Re.Ca.-L\u00f6sungen: hochwertige Einzelportionenkekse f\u00fcr Hotels, Restaurants und Caf\u00e9s. Eine feine Aufmerksamkeit f\u00fcr jeden G\u00e4stemoment.","og_url":"https:\/\/biscottiloison.com\/de\/horeca\/","og_site_name":"Biscotti Loison","article_modified_time":"2025-12-05T11:46:13+00:00","twitter_card":"summary_large_image","schema":{"@context":"https:\/\/schema.org","@graph":[{"@type":"WebPage","@id":"https:\/\/biscottiloison.com\/de\/horeca\/","url":"https:\/\/biscottiloison.com\/de\/horeca\/","name":"Horeca - Biscotti Loison","isPartOf":{"@id":"https:\/\/biscottiloison.com\/de\/#website"},"primaryImageOfPage":{"@id":"https:\/\/biscottiloison.com\/de\/horeca\/#primaryimage"},"image":{"@id":"https:\/\/biscottiloison.com\/de\/horeca\/#primaryimage"},"thumbnailUrl":"https:\/\/biscottiloison.com\/wp-content\/uploads\/2025\/08\/loison-bnb-portico-rosso-vicenza-25-12-6.jpg","datePublished":"2025-07-28T07:27:57+00:00","dateModified":"2025-12-05T11:46:13+00:00","description":"Loison Ho.Re.Ca.-L\u00f6sungen: hochwertige Einzelportionenkekse f\u00fcr Hotels, Restaurants und Caf\u00e9s. Eine feine Aufmerksamkeit f\u00fcr jeden G\u00e4stemoment.","breadcrumb":{"@id":"https:\/\/biscottiloison.com\/de\/horeca\/#breadcrumb"},"inLanguage":"de","potentialAction":[{"@type":"ReadAction","target":["https:\/\/biscottiloison.com\/de\/horeca\/"]}]},{"@type":"ImageObject","inLanguage":"de","@id":"https:\/\/biscottiloison.com\/de\/horeca\/#primaryimage","url":"https:\/\/biscottiloison.com\/wp-content\/uploads\/2025\/08\/loison-bnb-portico-rosso-vicenza-25-12-6.jpg","contentUrl":"https:\/\/biscottiloison.com\/wp-content\/uploads\/2025\/08\/loison-bnb-portico-rosso-vicenza-25-12-6.jpg","width":1920,"height":1281},{"@type":"BreadcrumbList","@id":"https:\/\/biscottiloison.com\/de\/horeca\/#breadcrumb","itemListElement":[{"@type":"ListItem","position":1,"name":"Home","item":"https:\/\/biscottiloison.com\/de\/"},{"@type":"ListItem","position":2,"name":"Horeca"}]},{"@type":"WebSite","@id":"https:\/\/biscottiloison.com\/de\/#website","url":"https:\/\/biscottiloison.com\/de\/","name":"Biscotti Loison","description":"","publisher":{"@id":"https:\/\/biscottiloison.com\/de\/#organization"},"potentialAction":[{"@type":"SearchAction","target":{"@type":"EntryPoint","urlTemplate":"https:\/\/biscottiloison.com\/de\/?s={search_term_string}"},"query-input":{"@type":"PropertyValueSpecification","valueRequired":true,"valueName":"search_term_string"}}],"inLanguage":"de"},{"@type":"Organization","@id":"https:\/\/biscottiloison.com\/de\/#organization","name":"Biscotti Loison","url":"https:\/\/biscottiloison.com\/de\/","logo":{"@type":"ImageObject","inLanguage":"de","@id":"https:\/\/biscottiloison.com\/de\/#\/schema\/logo\/image\/","url":"https:\/\/biscottiloison.com\/wp-content\/uploads\/2025\/07\/logo.svg","contentUrl":"https:\/\/biscottiloison.com\/wp-content\/uploads\/2025\/07\/logo.svg","width":137,"height":70,"caption":"Biscotti Loison"},"image":{"@id":"https:\/\/biscottiloison.com\/de\/#\/schema\/logo\/image\/"}}]}},"_links":{"self":[{"href":"https:\/\/biscottiloison.com\/de\/wp-json\/wp\/v2\/pages\/1571","targetHints":{"allow":["GET"]}}],"collection":[{"href":"https:\/\/biscottiloison.com\/de\/wp-json\/wp\/v2\/pages"}],"about":[{"href":"https:\/\/biscottiloison.com\/de\/wp-json\/wp\/v2\/types\/page"}],"author":[{"embeddable":true,"href":"https:\/\/biscottiloison.com\/de\/wp-json\/wp\/v2\/users\/2"}],"replies":[{"embeddable":true,"href":"https:\/\/biscottiloison.com\/de\/wp-json\/wp\/v2\/comments?post=1571"}],"version-history":[{"count":2,"href":"https:\/\/biscottiloison.com\/de\/wp-json\/wp\/v2\/pages\/1571\/revisions"}],"predecessor-version":[{"id":1573,"href":"https:\/\/biscottiloison.com\/de\/wp-json\/wp\/v2\/pages\/1571\/revisions\/1573"}],"wp:featuredmedia":[{"embeddable":true,"href":"https:\/\/biscottiloison.com\/de\/wp-json\/wp\/v2\/media\/1972"}],"wp:attachment":[{"href":"https:\/\/biscottiloison.com\/de\/wp-json\/wp\/v2\/media?parent=1571"}],"curies":[{"name":"wp","href":"https:\/\/api.w.org\/{rel}","templated":true}]}}